{"id":8120,"date":"2021-09-20T12:08:33","date_gmt":"2021-09-20T12:08:33","guid":{"rendered":"https:\/\/smobel.com\/?page_id=8120"},"modified":"2021-11-10T13:49:01","modified_gmt":"2021-11-10T13:49:01","slug":"nosotros","status":"publish","type":"page","link":"https:\/\/smobel.com\/index.php\/nosotros\/","title":{"rendered":"Nosotros"},"content":{"rendered":"\t\t<div data-elementor-type=\"wp-page\" data-elementor-id=\"8120\" class=\"elementor elementor-8120\">\n\t\t\t\t\t\t\t\t\t<section class=\"elementor-section elementor-top-section elementor-element elementor-element-c197af9 elementor-section-boxed elementor-section-height-default elementor-section-height-default qodef-elementor-content-no\" data-id=\"c197af9\" data-element_type=\"section\">\n\t\t\t\t\t\t<div class=\"elementor-container elementor-column-gap-default\">\n\t\t\t\t\t<div class=\"elementor-column elementor-col-100 elementor-top-column elementor-element elementor-element-0b0625e\" data-id=\"0b0625e\" data-element_type=\"column\">\n\t\t\t<div class=\"elementor-widget-wrap elementor-element-populated\">\n\t\t\t\t\t\t\t\t<div class=\"elementor-element elementor-element-6be81c5 elementor-widget elementor-widget-text-editor\" data-id=\"6be81c5\" data-element_type=\"widget\" data-widget_type=\"text-editor.default\">\n\t\t\t\t<div class=\"elementor-widget-container\">\n\t\t\t<style>\/*! elementor - v3.7.8 - 02-10-2022 *\/\n.elementor-widget-text-editor.elementor-drop-cap-view-stacked .elementor-drop-cap{background-color:#818a91;color:#fff}.elementor-widget-text-editor.elementor-drop-cap-view-framed .elementor-drop-cap{color:#818a91;border:3px solid;background-color:transparent}.elementor-widget-text-editor:not(.elementor-drop-cap-view-default) .elementor-drop-cap{margin-top:8px}.elementor-widget-text-editor:not(.elementor-drop-cap-view-default) .elementor-drop-cap-letter{width:1em;height:1em}.elementor-widget-text-editor .elementor-drop-cap{float:left;text-align:center;line-height:1;font-size:50px}.elementor-widget-text-editor .elementor-drop-cap-letter{display:inline-block}<\/style>\t\t\t\t<h3 style=\"background-color: rgb(255, 255, 255);\">Los valores de nuestra empresa<\/h3>\t\t\t\t\t\t<\/div>\n\t\t\t\t<\/div>\n\t\t\t\t<div class=\"elementor-element elementor-element-be645b8 elementor-widget elementor-widget-text-editor\" data-id=\"be645b8\" data-element_type=\"widget\" data-widget_type=\"text-editor.default\">\n\t\t\t\t<div class=\"elementor-widget-container\">\n\t\t\t\t\t\t\t<p>Satisfacci\u00f3n de Nuestros Clientes<\/p><p>Cuidamos de las Personas<\/p><p>Trabajos con Eficiencia y Honestidad<\/p><p>Orientaci\u00f3n a Resultados<\/p>\t\t\t\t\t\t<\/div>\n\t\t\t\t<\/div>\n\t\t\t\t<div class=\"elementor-element elementor-element-e766a30 elementor-widget elementor-widget-spacer\" data-id=\"e766a30\" data-element_type=\"widget\" data-widget_type=\"spacer.default\">\n\t\t\t\t<div class=\"elementor-widget-container\">\n\t\t\t<style>\/*! elementor - v3.7.8 - 02-10-2022 *\/\n.elementor-column .elementor-spacer-inner{height:var(--spacer-size)}.e-container{--container-widget-width:100%}.e-container>.elementor-widget-spacer{width:var(--container-widget-width,var(--spacer-size));-ms-flex-item-align:stretch;align-self:stretch;-ms-flex-negative:0;flex-shrink:0}.e-container>.elementor-widget-spacer>.elementor-widget-container,.e-container>.elementor-widget-spacer>.elementor-widget-container>.elementor-spacer{height:100%}.e-container>.elementor-widget-spacer>.elementor-widget-container>.elementor-spacer>.elementor-spacer-inner{height:var(--container-widget-height,var(--spacer-size))}<\/style>\t\t<div class=\"elementor-spacer\">\n\t\t\t<div class=\"elementor-spacer-inner\"><\/div>\n\t\t<\/div>\n\t\t\t\t<\/div>\n\t\t\t\t<\/div>\n\t\t\t\t\t<\/div>\n\t\t<\/div>\n\t\t\t\t\t\t\t<\/div>\n\t\t<\/section>\n\t\t\t\t<section class=\"elementor-section elementor-top-section elementor-element elementor-element-a13e140 elementor-section-full_width elementor-section-height-default elementor-section-height-default qodef-elementor-content-no\" data-id=\"a13e140\" data-element_type=\"section\" data-settings=\"{&quot;background_background&quot;:&quot;classic&quot;}\">\n\t\t\t\t\t\t<div class=\"elementor-container elementor-column-gap-default\">\n\t\t\t\t\t<div class=\"elementor-column elementor-col-50 elementor-top-column elementor-element elementor-element-ab7a1b7 elementor-hidden-mobile elementor-invisible\" data-id=\"ab7a1b7\" data-element_type=\"column\" data-settings=\"{&quot;animation&quot;:&quot;slideInLeft&quot;}\">\n\t\t\t<div class=\"elementor-widget-wrap elementor-element-populated\">\n\t\t\t\t\t\t\t\t<div class=\"elementor-element elementor-element-0e69ded elementor-hidden-mobile elementor-widget elementor-widget-qi_addons_for_elementor_image_slider\" data-id=\"0e69ded\" data-element_type=\"widget\" data-widget_type=\"qi_addons_for_elementor_image_slider.default\">\n\t\t\t\t<div class=\"elementor-widget-container\">\n\t\t\t<div class=\"qodef-shortcode qodef-m  qodef-qi-image-slider qodef-qi-fslightbox-popup qodef-popup-gallery    qodef-col-num--1 qodef-qi-grid qodef-qi-swiper-container        \" data-options=\"{&quot;direction&quot;:&quot;horizontal&quot;,&quot;slidesPerView&quot;:&quot;1&quot;,&quot;spaceBetween&quot;:30,&quot;spaceBetweenTablet&quot;:30,&quot;spaceBetweenMobile&quot;:30,&quot;effect&quot;:&quot;slide&quot;,&quot;loop&quot;:true,&quot;autoplay&quot;:true,&quot;centeredSlides&quot;:false,&quot;speed&quot;:&quot;1000&quot;,&quot;speedAnimation&quot;:&quot;&quot;,&quot;outsideNavigation&quot;:&quot;no&quot;,&quot;outsidePagination&quot;:&quot;no&quot;,&quot;unique&quot;:270,&quot;partialValue&quot;:0,&quot;disablePartialValue&quot;:&quot;&quot;}\">\n\t<div class=\"swiper-wrapper\">\n\t\t\n<div class=\"qodef-e swiper-slide\">\n\t<div class=\"qodef-e-inner\">\n\t\t<div class=\"qodef-e-inner-holder\">\n\t\t\t\t\t\t\t<a class=\"qodef-popup-item\" itemprop=\"image\" href=\"https:\/\/smobel.com\/wp-content\/uploads\/2021\/10\/IMG_2907-1.jpg\" data-type=\"image\" data-fslightbox=\"gallery-270\">\n\t\t\t\t\t\t\t<img src=\"https:\/\/smobel.com\/wp-content\/uploads\/2021\/10\/IMG_2907-1-400x600.jpg\" alt=\"\" width=\"400\" height=\"600\" \/>\t\t\t\t\t\t\t<\/a>\n\t\t\t\t\t<\/div>\n\t<\/div>\n\t<\/div>\n\n<div class=\"qodef-e swiper-slide\">\n\t<div class=\"qodef-e-inner\">\n\t\t<div class=\"qodef-e-inner-holder\">\n\t\t\t\t\t\t\t<a class=\"qodef-popup-item\" itemprop=\"image\" href=\"https:\/\/smobel.com\/wp-content\/uploads\/2021\/10\/IMG_2908-1.jpg\" data-type=\"image\" data-fslightbox=\"gallery-270\">\n\t\t\t\t\t\t\t<img src=\"https:\/\/smobel.com\/wp-content\/uploads\/2021\/10\/IMG_2908-1-400x600.jpg\" alt=\"\" width=\"400\" height=\"600\" \/>\t\t\t\t\t\t\t<\/a>\n\t\t\t\t\t<\/div>\n\t<\/div>\n\t<\/div>\n\n<div class=\"qodef-e swiper-slide\">\n\t<div class=\"qodef-e-inner\">\n\t\t<div class=\"qodef-e-inner-holder\">\n\t\t\t\t\t\t\t<a class=\"qodef-popup-item\" itemprop=\"image\" href=\"https:\/\/smobel.com\/wp-content\/uploads\/2021\/10\/IMG_2905-3-1.jpg\" data-type=\"image\" data-fslightbox=\"gallery-270\">\n\t\t\t\t\t\t\t<img src=\"https:\/\/smobel.com\/wp-content\/uploads\/2021\/10\/IMG_2905-3-1-400x600.jpg\" alt=\"\" width=\"400\" height=\"600\" \/>\t\t\t\t\t\t\t<\/a>\n\t\t\t\t\t<\/div>\n\t<\/div>\n\t<\/div>\n\n<div class=\"qodef-e swiper-slide\">\n\t<div class=\"qodef-e-inner\">\n\t\t<div class=\"qodef-e-inner-holder\">\n\t\t\t\t\t\t\t<a class=\"qodef-popup-item\" itemprop=\"image\" href=\"https:\/\/smobel.com\/wp-content\/uploads\/2021\/10\/IMG_2802-1.jpg\" data-type=\"image\" data-fslightbox=\"gallery-270\">\n\t\t\t\t\t\t\t<img src=\"https:\/\/smobel.com\/wp-content\/uploads\/2021\/10\/IMG_2802-1-400x600.jpg\" alt=\"\" width=\"400\" height=\"600\" \/>\t\t\t\t\t\t\t<\/a>\n\t\t\t\t\t<\/div>\n\t<\/div>\n\t<\/div>\n\t<\/div>\n\t<\/div>\n\t\t<\/div>\n\t\t\t\t<\/div>\n\t\t\t\t\t<\/div>\n\t\t<\/div>\n\t\t\t\t<div class=\"elementor-column elementor-col-50 elementor-top-column elementor-element elementor-element-04a95a1\" data-id=\"04a95a1\" data-element_type=\"column\">\n\t\t\t<div class=\"elementor-widget-wrap elementor-element-populated\">\n\t\t\t\t\t\t\t\t<div class=\"elementor-element elementor-element-29bc300 elementor-widget elementor-widget-emaurri_core_section_title\" data-id=\"29bc300\" data-element_type=\"widget\" data-widget_type=\"emaurri_core_section_title.default\">\n\t\t\t\t<div class=\"elementor-widget-container\">\n\t\t\t<div class=\"qodef-shortcode qodef-m  qodef-section-title qodef-alignment--left \">\n\t\t\t<h2 class=\"qodef-m-title\" >\n\t\t\t\t\tSatisfacci\u00f3n de Nuestros Clientes\t\t\t<\/h2>\n\t\t<p class=\"qodef-m-text\" style=\"font-size: 20px\">Nuestro objetivo es garantizar la satisfacci\u00f3n de nuestros clientes.\nNos comprometemos a acompa\u00f1ar a nuestros clientes desde la creaci\u00f3n del concepto hasta la entrega del\nmobiliario. \n<\/p>\n<\/div>\n\t\t<\/div>\n\t\t\t\t<\/div>\n\t\t\t\t<div class=\"elementor-element elementor-element-3b117fc elementor-widget elementor-widget-spacer\" data-id=\"3b117fc\" data-element_type=\"widget\" data-widget_type=\"spacer.default\">\n\t\t\t\t<div class=\"elementor-widget-container\">\n\t\t\t\t\t<div class=\"elementor-spacer\">\n\t\t\t<div class=\"elementor-spacer-inner\"><\/div>\n\t\t<\/div>\n\t\t\t\t<\/div>\n\t\t\t\t<\/div>\n\t\t\t\t<div class=\"elementor-element elementor-element-fab40d5 elementor-widget elementor-widget-emaurri_core_section_title\" data-id=\"fab40d5\" data-element_type=\"widget\" data-widget_type=\"emaurri_core_section_title.default\">\n\t\t\t\t<div class=\"elementor-widget-container\">\n\t\t\t<div class=\"qodef-shortcode qodef-m  qodef-section-title qodef-alignment--left \">\n\t\t\t<h2 class=\"qodef-m-title\" >\n\t\t\t\t\tCuidamos de las Personas \t\t\t<\/h2>\n\t\t<p class=\"qodef-m-text\" style=\"font-size: 20px\">Nuestro \u00e9xito se basa en el equipo.\nCreemos en las personas que pertenecen o colaboran con nuestra empresa y mantenemos el m\u00e1ximo\nrespeto hacia ellas. \n<\/p>\n<\/div>\n\t\t<\/div>\n\t\t\t\t<\/div>\n\t\t\t\t<div class=\"elementor-element elementor-element-c083d9f elementor-widget elementor-widget-spacer\" data-id=\"c083d9f\" data-element_type=\"widget\" data-widget_type=\"spacer.default\">\n\t\t\t\t<div class=\"elementor-widget-container\">\n\t\t\t\t\t<div class=\"elementor-spacer\">\n\t\t\t<div class=\"elementor-spacer-inner\"><\/div>\n\t\t<\/div>\n\t\t\t\t<\/div>\n\t\t\t\t<\/div>\n\t\t\t\t<div class=\"elementor-element elementor-element-ccd3515 elementor-widget elementor-widget-emaurri_core_section_title\" data-id=\"ccd3515\" data-element_type=\"widget\" data-widget_type=\"emaurri_core_section_title.default\">\n\t\t\t\t<div class=\"elementor-widget-container\">\n\t\t\t<div class=\"qodef-shortcode qodef-m  qodef-section-title qodef-alignment--left \">\n\t\t\t<h2 class=\"qodef-m-title\" >\n\t\t\t\t\tTrabajamos con Eficiencia y Honestidad \t\t\t<\/h2>\n\t\t<p class=\"qodef-m-text\" style=\"font-size: 20px\">Maximizar los resultados optimizando los recursos invertidos y ponernos en el lugar del cliente para que la\nsoluci\u00f3n ofrecida sea la m\u00e1s adecuada son valores que est\u00e1n presentes en nuestro d\u00eda a d\u00eda. <\/p>\n<\/div>\n\t\t<\/div>\n\t\t\t\t<\/div>\n\t\t\t\t<div class=\"elementor-element elementor-element-557db94 elementor-widget elementor-widget-spacer\" data-id=\"557db94\" data-element_type=\"widget\" data-widget_type=\"spacer.default\">\n\t\t\t\t<div class=\"elementor-widget-container\">\n\t\t\t\t\t<div class=\"elementor-spacer\">\n\t\t\t<div class=\"elementor-spacer-inner\"><\/div>\n\t\t<\/div>\n\t\t\t\t<\/div>\n\t\t\t\t<\/div>\n\t\t\t\t<div class=\"elementor-element elementor-element-2a0c2ed elementor-widget elementor-widget-emaurri_core_section_title\" data-id=\"2a0c2ed\" data-element_type=\"widget\" data-widget_type=\"emaurri_core_section_title.default\">\n\t\t\t\t<div class=\"elementor-widget-container\">\n\t\t\t<div class=\"qodef-shortcode qodef-m  qodef-section-title qodef-alignment--left \">\n\t\t\t<h2 class=\"qodef-m-title\" >\n\t\t\t\t\tOrientaci\u00f3n a Resultados\t\t\t<\/h2>\n\t\t<p class=\"qodef-m-text\" style=\"font-size: 20px\">Nos esforzamos por conseguir la mejora continua de todos nuestros procesos.\nPara nosotros es un objetivo principal el conseguir la m\u00e1xima satisfacci\u00f3n de nuestros clientes, empleados y\ncolaboradores. <\/p>\n<\/div>\n\t\t<\/div>\n\t\t\t\t<\/div>\n\t\t\t\t\t<\/div>\n\t\t<\/div>\n\t\t\t\t\t\t\t<\/div>\n\t\t<\/section>\n\t\t\t\t<section class=\"elementor-section elementor-top-section elementor-element elementor-element-01b70d5 elementor-section-boxed elementor-section-height-default elementor-section-height-default qodef-elementor-content-no\" data-id=\"01b70d5\" data-element_type=\"section\">\n\t\t\t\t\t\t<div class=\"elementor-container elementor-column-gap-default\">\n\t\t\t\t\t<div class=\"elementor-column elementor-col-100 elementor-top-column elementor-element elementor-element-47034e9\" data-id=\"47034e9\" data-element_type=\"column\">\n\t\t\t<div class=\"elementor-widget-wrap elementor-element-populated\">\n\t\t\t\t\t\t\t\t<div class=\"elementor-element elementor-element-b438c5a elementor-widget elementor-widget-emaurri_core_section_title\" data-id=\"b438c5a\" data-element_type=\"widget\" data-widget_type=\"emaurri_core_section_title.default\">\n\t\t\t\t<div class=\"elementor-widget-container\">\n\t\t\t<div class=\"qodef-shortcode qodef-m  qodef-section-title qodef-alignment--center \">\n\t\t\t<h2 class=\"qodef-m-title\" >\n\t\t\t\t\tMedios\t\t\t<\/h2>\n\t\t<p class=\"qodef-m-text\" style=\"font-size: 20px\">Disponemos de los medios necesarios para la fabricaci\u00f3n del mobiliario de los proyectos que acometemos<\/p>\n<\/div>\n\t\t<\/div>\n\t\t\t\t<\/div>\n\t\t\t\t\t<\/div>\n\t\t<\/div>\n\t\t\t\t\t\t\t<\/div>\n\t\t<\/section>\n\t\t\t\t<section class=\"elementor-section elementor-top-section elementor-element elementor-element-01391d7 elementor-section-boxed elementor-section-height-default elementor-section-height-default qodef-elementor-content-no\" data-id=\"01391d7\" data-element_type=\"section\">\n\t\t\t\t\t\t<div class=\"elementor-container elementor-column-gap-default\">\n\t\t\t\t\t<div class=\"elementor-column elementor-col-100 elementor-top-column elementor-element elementor-element-c170b79\" data-id=\"c170b79\" data-element_type=\"column\">\n\t\t\t<div class=\"elementor-widget-wrap elementor-element-populated\">\n\t\t\t\t\t\t\t\t<div class=\"elementor-element elementor-element-5a148b3 elementor-widget elementor-widget-qi_addons_for_elementor_image_slider\" data-id=\"5a148b3\" data-element_type=\"widget\" data-widget_type=\"qi_addons_for_elementor_image_slider.default\">\n\t\t\t\t<div class=\"elementor-widget-container\">\n\t\t\t<div class=\"qodef-shortcode qodef-m  qodef-qi-image-slider qodef-qi-fslightbox-popup qodef-popup-gallery    qodef-col-num--3 qodef-qi-grid qodef-qi-swiper-container        \" data-options=\"{&quot;direction&quot;:&quot;horizontal&quot;,&quot;slidesPerView&quot;:&quot;3&quot;,&quot;spaceBetween&quot;:30,&quot;spaceBetweenTablet&quot;:30,&quot;spaceBetweenMobile&quot;:30,&quot;effect&quot;:&quot;&quot;,&quot;loop&quot;:true,&quot;autoplay&quot;:true,&quot;centeredSlides&quot;:false,&quot;speed&quot;:&quot;&quot;,&quot;speedAnimation&quot;:&quot;&quot;,&quot;outsideNavigation&quot;:&quot;no&quot;,&quot;outsidePagination&quot;:&quot;no&quot;,&quot;unique&quot;:993,&quot;partialValue&quot;:0,&quot;disablePartialValue&quot;:&quot;&quot;}\">\n\t<div class=\"swiper-wrapper\">\n\t\t\n<div class=\"qodef-e swiper-slide\">\n\t<div class=\"qodef-e-inner\">\n\t\t<div class=\"qodef-e-inner-holder\">\n\t\t\t\t\t\t\t<a class=\"qodef-popup-item\" itemprop=\"image\" href=\"https:\/\/smobel.com\/wp-content\/uploads\/2021\/10\/Maquinaria-5.png\" data-type=\"image\" data-fslightbox=\"gallery-993\">\n\t\t\t\t\t\t\t<img width=\"300\" height=\"169\" src=\"https:\/\/smobel.com\/wp-content\/uploads\/2021\/10\/Maquinaria-5-300x169.png\" class=\"attachment-medium size-medium\" alt=\"\" srcset=\"https:\/\/smobel.com\/wp-content\/uploads\/2021\/10\/Maquinaria-5-300x169.png 300w, https:\/\/smobel.com\/wp-content\/uploads\/2021\/10\/Maquinaria-5-1024x576.png 1024w, https:\/\/smobel.com\/wp-content\/uploads\/2021\/10\/Maquinaria-5-768x432.png 768w, https:\/\/smobel.com\/wp-content\/uploads\/2021\/10\/Maquinaria-5.png 1382w\" sizes=\"(max-width: 300px) 100vw, 300px\" \/>\t\t\t\t\t\t\t<\/a>\n\t\t\t\t\t<\/div>\n\t<\/div>\n\t<\/div>\n\n<div class=\"qodef-e swiper-slide\">\n\t<div class=\"qodef-e-inner\">\n\t\t<div class=\"qodef-e-inner-holder\">\n\t\t\t\t\t\t\t<a class=\"qodef-popup-item\" itemprop=\"image\" href=\"https:\/\/smobel.com\/wp-content\/uploads\/2021\/10\/Maquinaria-4.png\" data-type=\"image\" data-fslightbox=\"gallery-993\">\n\t\t\t\t\t\t\t<img width=\"300\" height=\"169\" src=\"https:\/\/smobel.com\/wp-content\/uploads\/2021\/10\/Maquinaria-4-300x169.png\" class=\"attachment-medium size-medium\" alt=\"\" srcset=\"https:\/\/smobel.com\/wp-content\/uploads\/2021\/10\/Maquinaria-4-300x169.png 300w, https:\/\/smobel.com\/wp-content\/uploads\/2021\/10\/Maquinaria-4.png 639w\" sizes=\"(max-width: 300px) 100vw, 300px\" \/>\t\t\t\t\t\t\t<\/a>\n\t\t\t\t\t<\/div>\n\t<\/div>\n\t<\/div>\n\n<div class=\"qodef-e swiper-slide\">\n\t<div class=\"qodef-e-inner\">\n\t\t<div class=\"qodef-e-inner-holder\">\n\t\t\t\t\t\t\t<a class=\"qodef-popup-item\" itemprop=\"image\" href=\"https:\/\/smobel.com\/wp-content\/uploads\/2021\/10\/Maquinaria-2.png\" data-type=\"image\" data-fslightbox=\"gallery-993\">\n\t\t\t\t\t\t\t<img width=\"300\" height=\"169\" src=\"https:\/\/smobel.com\/wp-content\/uploads\/2021\/10\/Maquinaria-2-300x169.png\" class=\"attachment-medium size-medium\" alt=\"\" srcset=\"https:\/\/smobel.com\/wp-content\/uploads\/2021\/10\/Maquinaria-2-300x169.png 300w, https:\/\/smobel.com\/wp-content\/uploads\/2021\/10\/Maquinaria-2-768x432.png 768w, https:\/\/smobel.com\/wp-content\/uploads\/2021\/10\/Maquinaria-2.png 960w\" sizes=\"(max-width: 300px) 100vw, 300px\" \/>\t\t\t\t\t\t\t<\/a>\n\t\t\t\t\t<\/div>\n\t<\/div>\n\t<\/div>\n\n<div class=\"qodef-e swiper-slide\">\n\t<div class=\"qodef-e-inner\">\n\t\t<div class=\"qodef-e-inner-holder\">\n\t\t\t\t\t\t\t<a class=\"qodef-popup-item\" itemprop=\"image\" href=\"https:\/\/smobel.com\/wp-content\/uploads\/2021\/10\/Maquinaria-1.png\" data-type=\"image\" data-fslightbox=\"gallery-993\">\n\t\t\t\t\t\t\t<img width=\"300\" height=\"169\" src=\"https:\/\/smobel.com\/wp-content\/uploads\/2021\/10\/Maquinaria-1-300x169.png\" class=\"attachment-medium size-medium\" alt=\"\" srcset=\"https:\/\/smobel.com\/wp-content\/uploads\/2021\/10\/Maquinaria-1-300x169.png 300w, https:\/\/smobel.com\/wp-content\/uploads\/2021\/10\/Maquinaria-1-1024x576.png 1024w, https:\/\/smobel.com\/wp-content\/uploads\/2021\/10\/Maquinaria-1-768x432.png 768w, https:\/\/smobel.com\/wp-content\/uploads\/2021\/10\/Maquinaria-1.png 1382w\" sizes=\"(max-width: 300px) 100vw, 300px\" \/>\t\t\t\t\t\t\t<\/a>\n\t\t\t\t\t<\/div>\n\t<\/div>\n\t<\/div>\n\n<div class=\"qodef-e swiper-slide\">\n\t<div class=\"qodef-e-inner\">\n\t\t<div class=\"qodef-e-inner-holder\">\n\t\t\t\t\t\t\t<a class=\"qodef-popup-item\" itemprop=\"image\" href=\"https:\/\/smobel.com\/wp-content\/uploads\/2021\/10\/Hoops.jpg\" data-type=\"image\" data-fslightbox=\"gallery-993\">\n\t\t\t\t\t\t\t<img width=\"300\" height=\"169\" src=\"https:\/\/smobel.com\/wp-content\/uploads\/2021\/10\/Hoops-300x169.jpg\" class=\"attachment-medium size-medium\" alt=\"\" srcset=\"https:\/\/smobel.com\/wp-content\/uploads\/2021\/10\/Hoops-300x169.jpg 300w, https:\/\/smobel.com\/wp-content\/uploads\/2021\/10\/Hoops-768x433.jpg 768w, https:\/\/smobel.com\/wp-content\/uploads\/2021\/10\/Hoops.jpg 800w\" sizes=\"(max-width: 300px) 100vw, 300px\" \/>\t\t\t\t\t\t\t<\/a>\n\t\t\t\t\t<\/div>\n\t<\/div>\n\t<\/div>\n\n<div class=\"qodef-e swiper-slide\">\n\t<div class=\"qodef-e-inner\">\n\t\t<div class=\"qodef-e-inner-holder\">\n\t\t\t\t\t\t\t<a class=\"qodef-popup-item\" itemprop=\"image\" href=\"https:\/\/smobel.com\/wp-content\/uploads\/2021\/10\/csm_img_News_2018HH_Campus_515e257f74.jpg\" data-type=\"image\" data-fslightbox=\"gallery-993\">\n\t\t\t\t\t\t\t<img width=\"300\" height=\"169\" src=\"https:\/\/smobel.com\/wp-content\/uploads\/2021\/10\/csm_img_News_2018HH_Campus_515e257f74-300x169.jpg\" class=\"attachment-medium size-medium\" alt=\"\" srcset=\"https:\/\/smobel.com\/wp-content\/uploads\/2021\/10\/csm_img_News_2018HH_Campus_515e257f74-300x169.jpg 300w, https:\/\/smobel.com\/wp-content\/uploads\/2021\/10\/csm_img_News_2018HH_Campus_515e257f74-768x432.jpg 768w, https:\/\/smobel.com\/wp-content\/uploads\/2021\/10\/csm_img_News_2018HH_Campus_515e257f74.jpg 800w\" sizes=\"(max-width: 300px) 100vw, 300px\" \/>\t\t\t\t\t\t\t<\/a>\n\t\t\t\t\t<\/div>\n\t<\/div>\n\t<\/div>\n\n<div class=\"qodef-e swiper-slide\">\n\t<div class=\"qodef-e-inner\">\n\t\t<div class=\"qodef-e-inner-holder\">\n\t\t\t\t\t\t\t<a class=\"qodef-popup-item\" itemprop=\"image\" href=\"https:\/\/smobel.com\/wp-content\/uploads\/2021\/10\/Maquinaria-3-1.jpg\" data-type=\"image\" data-fslightbox=\"gallery-993\">\n\t\t\t\t\t\t\t<img width=\"300\" height=\"169\" src=\"https:\/\/smobel.com\/wp-content\/uploads\/2021\/10\/Maquinaria-3-1-300x169.jpg\" class=\"attachment-medium size-medium\" alt=\"\" srcset=\"https:\/\/smobel.com\/wp-content\/uploads\/2021\/10\/Maquinaria-3-1-300x169.jpg 300w, https:\/\/smobel.com\/wp-content\/uploads\/2021\/10\/Maquinaria-3-1.jpg 640w\" sizes=\"(max-width: 300px) 100vw, 300px\" \/>\t\t\t\t\t\t\t<\/a>\n\t\t\t\t\t<\/div>\n\t<\/div>\n\t<\/div>\n\t<\/div>\n\t<\/div>\n\t\t<\/div>\n\t\t\t\t<\/div>\n\t\t\t\t\t<\/div>\n\t\t<\/div>\n\t\t\t\t\t\t\t<\/div>\n\t\t<\/section>\n\t\t\t\t<section class=\"elementor-section elementor-top-section elementor-element elementor-element-eb3381a elementor-section-full_width elementor-section-height-default elementor-section-height-default qodef-elementor-content-no\" data-id=\"eb3381a\" data-element_type=\"section\">\n\t\t\t\t\t\t<div class=\"elementor-container elementor-column-gap-default\">\n\t\t\t\t\t<div class=\"elementor-column elementor-col-100 elementor-top-column elementor-element elementor-element-114937a\" data-id=\"114937a\" data-element_type=\"column\">\n\t\t\t<div class=\"elementor-widget-wrap elementor-element-populated\">\n\t\t\t\t\t\t\t\t<div class=\"elementor-element elementor-element-6558533 elementor-widget elementor-widget-emaurri_core_video_button\" data-id=\"6558533\" data-element_type=\"widget\" data-widget_type=\"emaurri_core_video_button.default\">\n\t\t\t\t<div class=\"elementor-widget-container\">\n\t\t\t<div class=\"qodef-shortcode qodef-m  qodef-video-button qodef--has-img\">\n\t\t<div class=\"qodef-m-image\">\n\t\t<img width=\"2560\" height=\"687\" src=\"https:\/\/smobel.com\/wp-content\/uploads\/2021\/10\/IMG_2792-1-scaled.jpg\" class=\"attachment-full size-full\" alt=\"\" srcset=\"https:\/\/smobel.com\/wp-content\/uploads\/2021\/10\/IMG_2792-1-scaled.jpg 2560w, https:\/\/smobel.com\/wp-content\/uploads\/2021\/10\/IMG_2792-1-300x81.jpg 300w, https:\/\/smobel.com\/wp-content\/uploads\/2021\/10\/IMG_2792-1-1024x275.jpg 1024w, https:\/\/smobel.com\/wp-content\/uploads\/2021\/10\/IMG_2792-1-768x206.jpg 768w, https:\/\/smobel.com\/wp-content\/uploads\/2021\/10\/IMG_2792-1-1536x412.jpg 1536w, https:\/\/smobel.com\/wp-content\/uploads\/2021\/10\/IMG_2792-1-2048x550.jpg 2048w\" sizes=\"(max-width: 2560px) 100vw, 2560px\" \/>\t<\/div>\n\t\t<a itemprop=\"url\" class=\"qodef-m-play qodef-magnific-popup qodef-popup-item\"  href=\"https:\/\/www.youtube.com\/watch?v=eu0eoUnZa08\" data-type=\"iframe\">\n\t\t<span class=\"qodef-m-play-inner\">\n\t\t\t<span class=\"qodef-m-play-text\">play<\/span>\n\t\t\t<svg  xmlns=\"http:\/\/www.w3.org\/2000\/svg\" xmlns:xlink=\"http:\/\/www.w3.org\/1999\/xlink\" x=\"0px\" y=\"0px\" width=\"18.56px\" height=\"36.16px\" viewBox=\"0 0 18.56 36.16\" enable-background=\"new 0 0 18.56 36.16\" xml:space=\"preserve\"><polyline fill=\"none\" stroke=\"currentColor\" stroke-miterlimit=\"10\" points=\"0.56,0.44 17.81,17.69 0.56,34.87 0.56,34.65 \"\/><\/svg>\t\t\t<svg class=\"qodef-svg-circle\" xmlns=\"http:\/\/www.w3.org\/2000\/svg\"><circle cx=\"50%\" cy=\"50%\" r=\"49.5%\"><\/circle><\/svg>\t\t\t<svg class=\"qodef-svg-circle\" xmlns=\"http:\/\/www.w3.org\/2000\/svg\"><circle cx=\"50%\" cy=\"50%\" r=\"49.5%\"><\/circle><\/svg>\t\t<\/span>\n\t<\/a>\n<\/div>\n\t\t<\/div>\n\t\t\t\t<\/div>\n\t\t\t\t\t<\/div>\n\t\t<\/div>\n\t\t\t\t\t\t\t<\/div>\n\t\t<\/section>\n\t\t\t\t\t\t\t<\/div>\n\t\t","protected":false},"excerpt":{"rendered":"<p>Los valores de nuestra empresa Satisfacci\u00f3n de Nuestros Clientes Cuidamos de las Personas Trabajos con Eficiencia y Honestidad Orientaci\u00f3n a Resultados Satisfacci\u00f3n de Nuestros Clientes Nuestro objetivo es garantizar la satisfacci\u00f3n de nuestros clientes. Nos comprometemos a acompa\u00f1ar a nuestros clientes desde la creaci\u00f3n del concepto hasta la entrega del mobiliario. Cuidamos de las Personas [&hellip;]<\/p>\n","protected":false},"author":1,"featured_media":0,"parent":0,"menu_order":0,"comment_status":"closed","ping_status":"closed","template":"page-full-width.php","meta":{"inline_featured_image":false},"_links":{"self":[{"href":"https:\/\/smobel.com\/index.php\/wp-json\/wp\/v2\/pages\/8120"}],"collection":[{"href":"https:\/\/smobel.com\/index.php\/wp-json\/wp\/v2\/pages"}],"about":[{"href":"https:\/\/smobel.com\/index.php\/wp-json\/wp\/v2\/types\/page"}],"author":[{"embeddable":true,"href":"https:\/\/smobel.com\/index.php\/wp-json\/wp\/v2\/users\/1"}],"replies":[{"embeddable":true,"href":"https:\/\/smobel.com\/index.php\/wp-json\/wp\/v2\/comments?post=8120"}],"version-history":[{"count":120,"href":"https:\/\/smobel.com\/index.php\/wp-json\/wp\/v2\/pages\/8120\/revisions"}],"predecessor-version":[{"id":8822,"href":"https:\/\/smobel.com\/index.php\/wp-json\/wp\/v2\/pages\/8120\/revisions\/8822"}],"wp:attachment":[{"href":"https:\/\/smobel.com\/index.php\/wp-json\/wp\/v2\/media?parent=8120"}],"curies":[{"name":"wp","href":"https:\/\/api.w.org\/{rel}","templated":true}]}}